{"id":358,"date":"2023-12-07T23:36:19","date_gmt":"2023-12-07T22:36:19","guid":{"rendered":"https:\/\/vmz-slo.si\/?post_type=product&#038;p=358"},"modified":"2023-12-07T23:58:59","modified_gmt":"2023-12-07T22:58:59","slug":"vakuumski-rezalnik-kilia-5000-express","status":"publish","type":"product","link":"https:\/\/vmz-slo.si\/index.php\/izdelek\/vakuumski-rezalnik-kilia-5000-express\/","title":{"rendered":"Vakuumski rezalnik Kilia 5000 Express"},"content":{"rendered":"<p>KILIA je razvila edini rezalnik te vrste, oblike in velikosti za uporabo v raziskavah in pou\u010devanju. S svojo majhno posodo s prostornino le 30 litrov je najmanj\u0161i rezalnik na svetu, ki ga je mogo\u010de opremiti z vsemi tehni\u010dnimi mo\u017enostmi. Vakuumska naprava je \u017ee del osnovne opreme, tako da se lahko recepture razvijajo ali u\u010dijo na enak na\u010din kot kasneje v proizvodnji, kjer so ekonomske prednosti vakuumske tehnologije ve\u010dja razgradnja beljakovin, bolj\u0161e polnjenje,<br \/>\ndalj\u0161i rok trajanja) postaja vse bolj pomembna<br \/>\npostati.<br \/>\nDruga prednost vakuumskega sistema: raven hrupa je znatno zmanj\u0161ana s pokrovom, ki zajema vse. Modul za vzdr\u017eevanje in in\u0161pekcijo spremlja potrebne intervale vzdr\u017eevanja in in\u0161pekcij za vse komponente stroja in vas nanje pravo\u010dasno opomni, tako da lahko vzdr\u017eevalna dela na\u010drtujete brez motenj v proizvodnem procesu. Mo\u017enost diagnoze na daljavo preko varne (\u0161ifrirane) internetne povezave (potrebna je \u0161irokopasovna povezava) omogo\u010da sodelavcem KILIA servisa, da v realnem \u010dasu opravijo posebno temeljito diagnostiko, ne glede na va\u0161o lokacijo. Posebno relevantna sporo\u010dila o napakah se lahko tudi samodejno po\u0161ljejo iz naprave servisu KILIA kot SMS (opcijsko). Poleg obse\u017ene osnovne razli\u010dice s 6 stalno programiranimi hitrostmi gredi no\u017eev, \u0161tirimi naprej, dvemi nazaj (FU-krmiljen AC pogon!), KILIA ponuja vrsto visokokakovostne posebne opreme za ta stroj.<br \/>\n\u2022 Vakuumski hitri rezalnik 5000 Express 30 litrov je na voljo tudi kot vakuumski kuhalni hitri rezalnik. Kuhalna naprava KILIA omogo\u010da hitrej\u0161o, u\u010dinkovitej\u0161o in var\u010dnej\u0161o izdelavo izdelkov za kuhanje.<br \/>\n\u2022 Brezstopenjsko nastavljiva gred no\u017ea in pogon posode z integriranim vzvratno delujo\u010dim me\u0161alnim orodjem nudi operaterju razli\u010dne mo\u017enosti. Rezultat je proizvodnja, optimizirana za specifi\u010dne zahteve izdelka.<br \/>\n\u2022 Rezalniki z dodatkom du\u0161ika in vode skraj\u0161ajo proizvodni proces, prihranijo prostor in transportne poti, saj ni potrebe po skladi\u0161\u010denju ali proizvodnji ledu. Hladilni u\u010dinek med postopkom rezanja se dose\u017ee brez odpiranja pokrova. Teko\u010di in plinasti du\u0161ik te\u010de neposredno v posodo skozi dovodno cev. Hkrati lahko \u017eeleno koli\u010dino vode dovajamo ro\u010dno ali preko ra\u010dunalni\u0161kega krmiljenja preko dovodne cevi, ki se prav tako kon\u010da neposredno v posodi. Poobla\u0161\u010dena strokovna podjetja opravijo priklju\u010ditev du\u0161ika, vklju\u010dno s predpisano ekstrakcijo, neposredno na mestu.<br \/>\n\u2022 Sistem avtomatskega tesnjenja in mazanja ADS100 znatno pove\u010da varnost delovanja, saj je vsako posamezno mazalno mesto redno oskrbovano z zadostno koli\u010dino masti. ADS 100 \u0161\u010diti tudi tesnila le\u017eajev pred zunanjimi vplivi. Pot ostaja zapora za vodo, ostanke mesa itd. Zmogljiv sistem gredi za no\u017ee KILIA high-speed cutter 5000 Express postane enota brez vzdr\u017eevanja.<\/p>\n<p>\u2022 Programsko krmiljenje KILIA (KPS) z membransko tipkovnico omogo\u010da priro\u010dno upravljanje stroja z jasnimi, jedrnatimi in logi\u010dnimi simboli ter skraj\u0161a \u010das usposabljanja na minimum. Programska zaporedja zagotavljajo stalne informacije o hitrostih posode, temperaturi in \u010dasih rezanja. Koli\u010dina vode in dovodni intervali so natan\u010dno odmerjeni. Ko so dose\u017eene dolo\u010dene vrednosti, se stroj samodejno izklopi. Upravitelj receptov omogo\u010da shranjevanje do 99 programov, do katerih lahko dostopate s pritiskom na gumb, s \u010dimer zagotavljate dosledno natan\u010dnost proizvodnje. V KPS je integriran nov tesnilni in mazalni sistem ADS 200, celovitej\u0161a razli\u010dica ADS 100. Oskrbuje vse mazalne to\u010dke glede na obremenitev in je elektronsko krmiljen. Hkrati senzorji nenehno preverjajo koli\u010dino masti, tlak in rezervo. Povezava z razli\u010dnimi IT re\u0161itvami je mo\u017ena tudi preko standardiziranih vmesnikov, na primer s sistemsko povezavo KILIA ali z vizualizacijo procesov KILIA (KPV).<br \/>\n\u2022 Paket za visoke hitrosti z visokozmogljivim frekven\u010dnim pretvornikom spremeni stroj v visokohitrostni rezalnik. Z obodno hitrostjo do preko 156 m\/s. Priprava izdelkov na no\u017eih je mo\u017ena brez kompromisov.<br \/>\n\u2022 Glava no\u017ea s 3 varnostnimi no\u017ei za proizvodnjo surovih klobas ima zna\u010dilne srpaste no\u017ee.<\/p>\n<p>Tehni\u010dni podatki: Vakuumski rezalnik KILIA 5000 Express 30 l.<br \/>\nHitrost gredi no\u017ea naprej (rpm) (brezstopenjsko) 50 \/ 100 \/ 2500 \/ 5000 (50-5500)<br \/>\nVzvratna hitrost gredi rezila (RPM) (brezstopenjsko) 50 \/ 100 (50-500)<br \/>\n\u0160tevilo vrtljajev gredi rezila v paketu za visoke hitrosti (rpm) 50 \u2013 6000<br \/>\nHitrost posode, rpm 7-20<br \/>\nMo\u010d glavnega pogona, kW (paket za visoke hitrosti) 7,5 (11) Mo\u010d motorja posode, kW 0,75<br \/>\nNastavljiva za\u0161\u010dita, A 35<br \/>\nTe\u017ea, cca kg 850<br \/>\nNadzorna plo\u0161\u010da z membransko tipkovnico, vklju\u010dno z loputo za za\u0161\u010dito pred \u0161kropljenjem.<\/p>\n<p>&nbsp;<\/p>\n<p>Kontaktirajte nas za naro\u010dilo!<\/p>\n","protected":false},"excerpt":{"rendered":"<p>KILIA je razvila edini rezalnik te vrste, oblike in velikosti za uporabo v raziskavah in pou\u010devanju. S svojo majhno posodo s prostornino le 30 litrov je najmanj\u0161i rezalnik na svetu, ki ga je mogo\u010de opremiti z vsemi tehni\u010dnimi mo\u017enostmi. Kontaktirajte nas za naro\u010dilo!<\/p>\n","protected":false},"featured_media":271,"comment_status":"open","ping_status":"closed","template":"","meta":[],"product_brand":[],"product_cat":[22],"product_tag":[],"class_list":{"0":"post-358","1":"product","2":"type-product","3":"status-publish","4":"has-post-thumbnail","6":"product_cat-razalniki","8":"first","9":"onbackorder","10":"shipping-taxable","11":"product-type-simple"},"yoast_head":"<!-- This site is optimized with the Yoast SEO plugin v27.3 - https:\/\/yoast.com\/product\/yoast-seo-wordpress\/ -->\n<title>Vakuumski rezalnik Kilia 5000 Express - VMZ MARKO ZAK\u0160EK s.p.<\/title>\n<meta name=\"robots\" content=\"index, follow, max-snippet:-1, max-image-preview:large, max-video-preview:-1\" \/>\n<link rel=\"canonical\" href=\"https:\/\/vmz-slo.si\/index.php\/izdelek\/vakuumski-rezalnik-kilia-5000-express\/\" \/>\n<meta property=\"og:locale\" content=\"sl_SI\" \/>\n<meta property=\"og:type\" content=\"article\" \/>\n<meta property=\"og:title\" content=\"Vakuumski rezalnik Kilia 5000 Express - VMZ MARKO ZAK\u0160EK s.p.\" \/>\n<meta property=\"og:description\" content=\"KILIA je razvila edini rezalnik te vrste, oblike in velikosti za uporabo v raziskavah in pou\u010devanju. S svojo majhno posodo s prostornino le 30 litrov je najmanj\u0161i rezalnik na svetu, ki ga je mogo\u010de opremiti z vsemi tehni\u010dnimi mo\u017enostmi. Kontaktirajte nas za naro\u010dilo!\" \/>\n<meta property=\"og:url\" content=\"https:\/\/vmz-slo.si\/index.php\/izdelek\/vakuumski-rezalnik-kilia-5000-express\/\" \/>\n<meta property=\"og:site_name\" content=\"VMZ MARKO ZAK\u0160EK s.p.\" \/>\n<meta property=\"article:publisher\" content=\"https:\/\/sl-si.facebook.com\/marko.zaksek.7\" \/>\n<meta property=\"article:modified_time\" content=\"2023-12-07T22:58:59+00:00\" \/>\n<meta property=\"og:image\" content=\"https:\/\/vmz-slo.si\/wp-content\/uploads\/2023\/12\/kutter30_1.jpg\" \/>\n\t<meta property=\"og:image:width\" content=\"1000\" \/>\n\t<meta property=\"og:image:height\" content=\"837\" \/>\n\t<meta property=\"og:image:type\" content=\"image\/jpeg\" \/>\n<meta name=\"twitter:card\" content=\"summary_large_image\" \/>\n<meta name=\"twitter:label1\" content=\"Est. reading time\" \/>\n\t<meta name=\"twitter:data1\" content=\"4 minute\" \/>\n<script type=\"application\/ld+json\" class=\"yoast-schema-graph\">{\"@context\":\"https:\\\/\\\/schema.org\",\"@graph\":[{\"@type\":\"WebPage\",\"@id\":\"https:\\\/\\\/vmz-slo.si\\\/index.php\\\/izdelek\\\/vakuumski-rezalnik-kilia-5000-express\\\/\",\"url\":\"https:\\\/\\\/vmz-slo.si\\\/index.php\\\/izdelek\\\/vakuumski-rezalnik-kilia-5000-express\\\/\",\"name\":\"Vakuumski rezalnik Kilia 5000 Express - VMZ MARKO ZAK\u0160EK s.p.\",\"isPartOf\":{\"@id\":\"https:\\\/\\\/vmz-slo.si\\\/#website\"},\"primaryImageOfPage\":{\"@id\":\"https:\\\/\\\/vmz-slo.si\\\/index.php\\\/izdelek\\\/vakuumski-rezalnik-kilia-5000-express\\\/#primaryimage\"},\"image\":{\"@id\":\"https:\\\/\\\/vmz-slo.si\\\/index.php\\\/izdelek\\\/vakuumski-rezalnik-kilia-5000-express\\\/#primaryimage\"},\"thumbnailUrl\":\"https:\\\/\\\/vmz-slo.si\\\/wp-content\\\/uploads\\\/2023\\\/12\\\/kutter30_1.jpg\",\"datePublished\":\"2023-12-07T22:36:19+00:00\",\"dateModified\":\"2023-12-07T22:58:59+00:00\",\"breadcrumb\":{\"@id\":\"https:\\\/\\\/vmz-slo.si\\\/index.php\\\/izdelek\\\/vakuumski-rezalnik-kilia-5000-express\\\/#breadcrumb\"},\"inLanguage\":\"sl-SI\",\"potentialAction\":[{\"@type\":\"ReadAction\",\"target\":[\"https:\\\/\\\/vmz-slo.si\\\/index.php\\\/izdelek\\\/vakuumski-rezalnik-kilia-5000-express\\\/\"]}]},{\"@type\":\"ImageObject\",\"inLanguage\":\"sl-SI\",\"@id\":\"https:\\\/\\\/vmz-slo.si\\\/index.php\\\/izdelek\\\/vakuumski-rezalnik-kilia-5000-express\\\/#primaryimage\",\"url\":\"https:\\\/\\\/vmz-slo.si\\\/wp-content\\\/uploads\\\/2023\\\/12\\\/kutter30_1.jpg\",\"contentUrl\":\"https:\\\/\\\/vmz-slo.si\\\/wp-content\\\/uploads\\\/2023\\\/12\\\/kutter30_1.jpg\",\"width\":1000,\"height\":837},{\"@type\":\"BreadcrumbList\",\"@id\":\"https:\\\/\\\/vmz-slo.si\\\/index.php\\\/izdelek\\\/vakuumski-rezalnik-kilia-5000-express\\\/#breadcrumb\",\"itemListElement\":[{\"@type\":\"ListItem\",\"position\":1,\"name\":\"Home\",\"item\":\"https:\\\/\\\/vmz-slo.si\\\/\"},{\"@type\":\"ListItem\",\"position\":2,\"name\":\"Trgovina\",\"item\":\"https:\\\/\\\/vmz-slo.si\\\/index.php\\\/trgovina\\\/\"},{\"@type\":\"ListItem\",\"position\":3,\"name\":\"Vakuumski rezalnik Kilia 5000 Express\"}]},{\"@type\":\"WebSite\",\"@id\":\"https:\\\/\\\/vmz-slo.si\\\/#website\",\"url\":\"https:\\\/\\\/vmz-slo.si\\\/\",\"name\":\"VMZ MARKO ZAK\u0160EK s.p.\",\"description\":\"Industrijska oprema za predelavo mesa\",\"publisher\":{\"@id\":\"https:\\\/\\\/vmz-slo.si\\\/#organization\"},\"potentialAction\":[{\"@type\":\"SearchAction\",\"target\":{\"@type\":\"EntryPoint\",\"urlTemplate\":\"https:\\\/\\\/vmz-slo.si\\\/?s={search_term_string}\"},\"query-input\":{\"@type\":\"PropertyValueSpecification\",\"valueRequired\":true,\"valueName\":\"search_term_string\"}}],\"inLanguage\":\"sl-SI\"},{\"@type\":\"Organization\",\"@id\":\"https:\\\/\\\/vmz-slo.si\\\/#organization\",\"name\":\"VMZ MARKO ZAK\u0160EK s.p.\",\"url\":\"https:\\\/\\\/vmz-slo.si\\\/\",\"logo\":{\"@type\":\"ImageObject\",\"inLanguage\":\"sl-SI\",\"@id\":\"https:\\\/\\\/vmz-slo.si\\\/#\\\/schema\\\/logo\\\/image\\\/\",\"url\":\"https:\\\/\\\/vmz-slo.si\\\/wp-content\\\/uploads\\\/2023\\\/12\\\/logo_10.png\",\"contentUrl\":\"https:\\\/\\\/vmz-slo.si\\\/wp-content\\\/uploads\\\/2023\\\/12\\\/logo_10.png\",\"width\":657,\"height\":363,\"caption\":\"VMZ MARKO ZAK\u0160EK s.p.\"},\"image\":{\"@id\":\"https:\\\/\\\/vmz-slo.si\\\/#\\\/schema\\\/logo\\\/image\\\/\"},\"sameAs\":[\"https:\\\/\\\/sl-si.facebook.com\\\/marko.zaksek.7\"]}]}<\/script>\n<!-- \/ Yoast SEO plugin. -->","yoast_head_json":{"title":"Vakuumski rezalnik Kilia 5000 Express - VMZ MARKO ZAK\u0160EK s.p.","robots":{"index":"index","follow":"follow","max-snippet":"max-snippet:-1","max-image-preview":"max-image-preview:large","max-video-preview":"max-video-preview:-1"},"canonical":"https:\/\/vmz-slo.si\/index.php\/izdelek\/vakuumski-rezalnik-kilia-5000-express\/","og_locale":"sl_SI","og_type":"article","og_title":"Vakuumski rezalnik Kilia 5000 Express - VMZ MARKO ZAK\u0160EK s.p.","og_description":"KILIA je razvila edini rezalnik te vrste, oblike in velikosti za uporabo v raziskavah in pou\u010devanju. S svojo majhno posodo s prostornino le 30 litrov je najmanj\u0161i rezalnik na svetu, ki ga je mogo\u010de opremiti z vsemi tehni\u010dnimi mo\u017enostmi. Kontaktirajte nas za naro\u010dilo!","og_url":"https:\/\/vmz-slo.si\/index.php\/izdelek\/vakuumski-rezalnik-kilia-5000-express\/","og_site_name":"VMZ MARKO ZAK\u0160EK s.p.","article_publisher":"https:\/\/sl-si.facebook.com\/marko.zaksek.7","article_modified_time":"2023-12-07T22:58:59+00:00","og_image":[{"width":1000,"height":837,"url":"https:\/\/vmz-slo.si\/wp-content\/uploads\/2023\/12\/kutter30_1.jpg","type":"image\/jpeg"}],"twitter_card":"summary_large_image","twitter_misc":{"Est. reading time":"4 minute"},"schema":{"@context":"https:\/\/schema.org","@graph":[{"@type":"WebPage","@id":"https:\/\/vmz-slo.si\/index.php\/izdelek\/vakuumski-rezalnik-kilia-5000-express\/","url":"https:\/\/vmz-slo.si\/index.php\/izdelek\/vakuumski-rezalnik-kilia-5000-express\/","name":"Vakuumski rezalnik Kilia 5000 Express - VMZ MARKO ZAK\u0160EK s.p.","isPartOf":{"@id":"https:\/\/vmz-slo.si\/#website"},"primaryImageOfPage":{"@id":"https:\/\/vmz-slo.si\/index.php\/izdelek\/vakuumski-rezalnik-kilia-5000-express\/#primaryimage"},"image":{"@id":"https:\/\/vmz-slo.si\/index.php\/izdelek\/vakuumski-rezalnik-kilia-5000-express\/#primaryimage"},"thumbnailUrl":"https:\/\/vmz-slo.si\/wp-content\/uploads\/2023\/12\/kutter30_1.jpg","datePublished":"2023-12-07T22:36:19+00:00","dateModified":"2023-12-07T22:58:59+00:00","breadcrumb":{"@id":"https:\/\/vmz-slo.si\/index.php\/izdelek\/vakuumski-rezalnik-kilia-5000-express\/#breadcrumb"},"inLanguage":"sl-SI","potentialAction":[{"@type":"ReadAction","target":["https:\/\/vmz-slo.si\/index.php\/izdelek\/vakuumski-rezalnik-kilia-5000-express\/"]}]},{"@type":"ImageObject","inLanguage":"sl-SI","@id":"https:\/\/vmz-slo.si\/index.php\/izdelek\/vakuumski-rezalnik-kilia-5000-express\/#primaryimage","url":"https:\/\/vmz-slo.si\/wp-content\/uploads\/2023\/12\/kutter30_1.jpg","contentUrl":"https:\/\/vmz-slo.si\/wp-content\/uploads\/2023\/12\/kutter30_1.jpg","width":1000,"height":837},{"@type":"BreadcrumbList","@id":"https:\/\/vmz-slo.si\/index.php\/izdelek\/vakuumski-rezalnik-kilia-5000-express\/#breadcrumb","itemListElement":[{"@type":"ListItem","position":1,"name":"Home","item":"https:\/\/vmz-slo.si\/"},{"@type":"ListItem","position":2,"name":"Trgovina","item":"https:\/\/vmz-slo.si\/index.php\/trgovina\/"},{"@type":"ListItem","position":3,"name":"Vakuumski rezalnik Kilia 5000 Express"}]},{"@type":"WebSite","@id":"https:\/\/vmz-slo.si\/#website","url":"https:\/\/vmz-slo.si\/","name":"VMZ MARKO ZAK\u0160EK s.p.","description":"Industrijska oprema za predelavo mesa","publisher":{"@id":"https:\/\/vmz-slo.si\/#organization"},"potentialAction":[{"@type":"SearchAction","target":{"@type":"EntryPoint","urlTemplate":"https:\/\/vmz-slo.si\/?s={search_term_string}"},"query-input":{"@type":"PropertyValueSpecification","valueRequired":true,"valueName":"search_term_string"}}],"inLanguage":"sl-SI"},{"@type":"Organization","@id":"https:\/\/vmz-slo.si\/#organization","name":"VMZ MARKO ZAK\u0160EK s.p.","url":"https:\/\/vmz-slo.si\/","logo":{"@type":"ImageObject","inLanguage":"sl-SI","@id":"https:\/\/vmz-slo.si\/#\/schema\/logo\/image\/","url":"https:\/\/vmz-slo.si\/wp-content\/uploads\/2023\/12\/logo_10.png","contentUrl":"https:\/\/vmz-slo.si\/wp-content\/uploads\/2023\/12\/logo_10.png","width":657,"height":363,"caption":"VMZ MARKO ZAK\u0160EK s.p."},"image":{"@id":"https:\/\/vmz-slo.si\/#\/schema\/logo\/image\/"},"sameAs":["https:\/\/sl-si.facebook.com\/marko.zaksek.7"]}]}},"_links":{"self":[{"href":"https:\/\/vmz-slo.si\/index.php\/wp-json\/wp\/v2\/product\/358","targetHints":{"allow":["GET"]}}],"collection":[{"href":"https:\/\/vmz-slo.si\/index.php\/wp-json\/wp\/v2\/product"}],"about":[{"href":"https:\/\/vmz-slo.si\/index.php\/wp-json\/wp\/v2\/types\/product"}],"replies":[{"embeddable":true,"href":"https:\/\/vmz-slo.si\/index.php\/wp-json\/wp\/v2\/comments?post=358"}],"wp:featuredmedia":[{"embeddable":true,"href":"https:\/\/vmz-slo.si\/index.php\/wp-json\/wp\/v2\/media\/271"}],"wp:attachment":[{"href":"https:\/\/vmz-slo.si\/index.php\/wp-json\/wp\/v2\/media?parent=358"}],"wp:term":[{"taxonomy":"product_brand","embeddable":true,"href":"https:\/\/vmz-slo.si\/index.php\/wp-json\/wp\/v2\/product_brand?post=358"},{"taxonomy":"product_cat","embeddable":true,"href":"https:\/\/vmz-slo.si\/index.php\/wp-json\/wp\/v2\/product_cat?post=358"},{"taxonomy":"product_tag","embeddable":true,"href":"https:\/\/vmz-slo.si\/index.php\/wp-json\/wp\/v2\/product_tag?post=358"}],"curies":[{"name":"wp","href":"https:\/\/api.w.org\/{rel}","templated":true}]}}