{"id":552,"date":"2023-12-09T14:34:40","date_gmt":"2023-12-09T13:34:40","guid":{"rendered":"https:\/\/vmz-slo.si\/?page_id=552"},"modified":"2023-12-09T14:34:42","modified_gmt":"2023-12-09T13:34:42","slug":"politika-zasebnosti","status":"publish","type":"page","link":"https:\/\/vmz-slo.si\/index.php\/politika-zasebnosti\/","title":{"rendered":"Politika zasebnosti"},"content":{"rendered":"\n<p>Ta Politika zasebnosti ureja zbiranje, hrambo in obdelavo osebnih podatkov, ki jih med uporabo zbira od vas spletna stran www.vmz-slo.si (v nadaljevanju: spletna stran). Uporabnik je vsaka pravna ali fizi\u010dna oseba, ki uporablja oziroma obi\u0161\u010de navedeno spletno stran (v nadaljevanju: uporabnik).\u00a0<\/p>\n\n\n\n<p>Upravljavec osebnih podatkov v pomenu, ki ga dolo\u010data Splo\u0161na uredba EU o varstvu osebnih podatkov ter veljavna slovenska zakonodaja glede varstva osebnih podatkov je Poment R d.o.o. (v nadaljevanju: upravljavec).<\/p>\n\n\n\n<h3 class=\"wp-block-heading\">1. Osebni podatki<\/h3>\n\n\n\n<p>Osebni podatek je katerakoli informacija, ki vas identificira kot dolo\u010denega ali dolo\u010dljivega posameznika. Posameznik je dolo\u010dljiv takrat, ko ga je mogo\u010de neposredno ali posredno dolo\u010diti, zlasti z navedbo identifikatorja kot je ime, identifikacijska \u0161tevilka, podatki o lokaciji, spletni identifikator ali z navedbo enega ali ve\u010d dejavnikov, ki so zna\u010dilni za posameznikovo fizi\u010dno, fiziolo\u0161ko, genetsko, du\u0161evno, gospodarsko, kulturno ali dru\u017ebeno identiteto.<\/p>\n\n\n\n<p>Upravljavec, skladno z nameni opredeljenimi v tej Politiki zasebnosti, zbira naslednje osebne podatke:&nbsp;<\/p>\n\n\n\n<ul class=\"wp-block-list\">\n<li>ime in priimek;<\/li>\n\n\n\n<li>email;<\/li>\n\n\n\n<li>telefonska \u0161tevilka;<\/li>\n\n\n\n<li>podatke o uporabnikovi uporabi spletne strani (IP naslov, datumi in ure obiskov spletne strani, obiskane strani oz. URL-ji, \u010das zadr\u017eevanja na posamezni strani, skupni \u010das obiska spletne strani, ipd.);<\/li>\n\n\n\n<li>podatke o uporabnikovih nakupih in izdanih ra\u010dunih (datum in kraj nakupa, kupljeni artikli, cene kupljenih artiklov, skupni znesek ra\u010duna, na\u010din pla\u010dila, naslov za dostavo, \u0161tevilka in datum izdaje ra\u010duna, oznaka osebe, ki je izdala ra\u010dun, ipd.) ter podatke o re\u0161evanju reklamacij izdelkov;<\/li>\n\n\n\n<li>podatke o tem kateri operacijski sistem ter brskalnik uporabljate in jezik brskalnika;<\/li>\n\n\n\n<li>druge podatke, ki jih uporabnik prostovoljno poda upravljavcu ob zahtevi na dolo\u010dene storitve, ki te podatke zahtevajo.<\/li>\n<\/ul>\n\n\n\n<p>Dolo\u010dene podatke pridobivamo tudi s pomo\u010djo pi\u0161kotkov. Pi\u0161kotki so majhne datoteke, ki se preko spletnega brskalnika nalo\u017eijo na va\u0161 ra\u010dunalnik, ko vstopite na spletno stran. Pi\u0161kotki nam pomagajo izbolj\u0161ati spletno stran in va\u0161o izku\u0161njo s spletno stranjo. Za podrobnosti glede pi\u0161kotkov prosim preberite na\u0161o <a href=\"https:\/\/petkit.si\/piskotki\/\">Politiko pi\u0161kotkov<\/a>.<\/p>\n\n\n\n<h3 class=\"wp-block-heading\">2. Namen in podlaga za obdelavo osebnih podatkov<\/h3>\n\n\n\n<p>Upravljavec zbira in obdeluje va\u0161e osebne podatke na podlagi privolitve posameznika (naro\u010dilu izdelkov) ali kadar za zbiranje osebnih podatkov obstaja zakonska podlaga ali ima upravljavec za obdelavo zakoniti interes. Vsi osebni podatki, ki nam jih posredujete bodo obravnavani zaupno in bodo uporabljeni zgolj in samo v namen za katerega so bili posredovani in zbrani.&nbsp;<\/p>\n\n\n\n<p>\u0160teje se, da z oddajo povpra\u0161evanja ali vpra\u0161anja na na\u0161i spletni strani sogla\u0161ate s tem, da vam odgovorimo na va\u0161 elektronski naslov ter da vam na elektronski naslov posredujemo informacije glede na\u0161ih izdelkov. Iz seznama prejemnikov elektronskih sporo\u010dil se lahko odjavite preko elektronske po\u0161te na naslov <strong>markozaksek12@gmail.com<\/strong>.<strong> <\/strong>\u00a0<\/p>\n\n\n\n<p>\u010ce bo nastala potreba po nadaljnji obdelavi va\u0161ih podatkov za drug namen, vas bomo predhodno kontaktirali ter zaprosili za va\u0161o predhodno pisno privolitev.<\/p>\n\n\n\n<h3 class=\"wp-block-heading\">2.1. Obdelava na podlagi zakona in pogodbenih odnosov<\/h3>\n\n\n\n<p>V primeru, ko je zagotovitev osebnih podatkov pogodbena obveznost, obveznost, ki je potrebna za sklenitev in izvajanje pogodbe z upravljavcem ali zakonska obveznost, morate zagotoviti osebne podatke. V kolikor osebnih podatkov ne zagotovite, z upravljavcem ne morete skleniti pogodbe, prav tako pa upravljavec ne more dobaviti izdelkov po pogodbi, saj nima potrebnih podatkov za izvedbo pogodbe.<\/p>\n\n\n\n<h3 class=\"wp-block-heading\">2.2. Obdelava na podlagi zakonitega interesa<\/h3>\n\n\n\n<p>Upravljavec lahko podatke obdeluje tudi na podlagi zakonitega interesa, za katere si upravljavec prizadeva, razen kadar na takimi interesi prevladujejo interesi ali temeljne pravice in svobo\u0161\u010dine posameznika, na katerega se nana\u0161ajo osebni podatki, ki zahtevajo varstvo osebnih podatkov. V primeru uporabe zakonitega interesa upravljavec vedno opravi presojo skladno s Splo\u0161no uredbo o varstvu podatkov.<\/p>\n\n\n\n<h3 class=\"wp-block-heading\">2.3. Obdelava na podlagi va\u0161ega soglasja<\/h3>\n\n\n\n<p>Upravljavec zbira in obdeluje (uporablja) va\u0161e osebne podatke tudi za naslednje namene, <strong>kadar za to podate soglasje:<\/strong><\/p>\n\n\n\n<p>\u2013 po\u0161iljanje komercialnih ponudb in drugih vsebin preko elektronske po\u0161te, kadar za to ni druge podlage in ste s tem sogla\u0161ali;<\/p>\n\n\n\n<p>\u2013 vse druge namene, za katere se specifi\u010dno strinjate pri sodelovanju z upravljavcem.<\/p>\n\n\n\n<h3 class=\"wp-block-heading\">3. Uporabniki osebnih podatkov<\/h3>\n\n\n\n<p>Upravljavec va\u0161ih osebnih podatkov ne bo posredoval tretjim nepoobla\u0161\u010denim osebam brez va\u0161e privolitve.&nbsp;<\/p>\n\n\n\n<p>Obve\u0161\u010damo vas, da lahko posamezna opravila v zvezi z va\u0161imi osebnimi podatki zaupamo na\u0161im poslovnim partnerjem (pogodbenim obdelovalcem), ki lahko zaupane osebne podatke obdelujejo izklju\u010dno v na\u0161em imenu in v mejah na\u0161ega pooblastila, kot je dolo\u010deno v pisni pogodbi ali drugem pravnem aktu, ter skladno z nameni, dolo\u010denimi v tej Politiki zasebnosti. Posredovane podatke omenjeni partnerji skrbno varujejo ter jih ne uporabljajo za lastne namene. Pogodbeni obdelovalci so posredovane osebne podatke dol\u017eni uporabljati le za izvr\u0161evanje svojih obveznosti, kot je to dolo\u010deno v pisni pogodbi ali drugem pravnem aktu.&nbsp;<\/p>\n\n\n\n<p>Va\u0161e podatke lahko posredujemo tretjim le v primeru, \u010de je to nujno potrebno za zagotovitev skladnosti poslovanja upravljavca z zakoni in drugimi pravno zavezujo\u010dimi akti ali \u010de to od nas zahteva pristojen dr\u017eavni organ.<\/p>\n\n\n\n<h3 class=\"wp-block-heading\">4. Hramba osebnih podatkov<\/h3>\n\n\n\n<p>Upravljavec bo hranil va\u0161e osebne podatke le toliko \u010dasa, dokler bo to potrebno za uresni\u010ditev namena, zaradi katerega so bili osebni podatki zbrani in nadalje obdelovani (npr. za izpolnitev va\u0161ih naro\u010dil, preveritev va\u0161ih pla\u010dil in izpolnitev drugih obveznosti upravljavca in\/ali va\u0161ih obveznosti, ipd.).<\/p>\n\n\n\n<p>Tiste osebne podatke, ki jih upravljavec obdeluje na podlagi zakona, upravljavec hrani za obdobje, ki ga predpisuje zakon.<\/p>\n\n\n\n<p>Tiste osebne podatke, ki jih upravljavec obdeluje zaradi izvedbe pogodbenega odnosa s posameznikom, upravljavec hrani za obdobje, ki je potrebno za izvr\u0161itev pogodbe in \u0161e 5 let po njenem prenehanju, razen v primerih, ko pride med vami in upravljavcem do spora v zvezi s pogodbo; v takem primeru hrani upravljavec podatke \u0161e 5 let po pravnomo\u010dnosti sodne ali arbitra\u017ene odlo\u010dbe ali poravnave ali, \u010de sodnega spora ni bilo, 5 let od dneva mirne re\u0161itve spora.<\/p>\n\n\n\n<p>Tiste osebne podatke, ki jih upravljavec obdeluje na podlagi osebne privolite posameznika ali zakonitega interesa, upravljavec hrani trajno, do preklica te privolitve s strani posameznika oz. zahteve po prekinitvi obdelave. Upravljavec take podatke izbri\u0161e \u0161e pred preklicem le, kadar je \u017ee dose\u017een namen obdelave osebnih podatkov ali \u010de tako dolo\u010da zakon.<\/p>\n\n\n\n<p>Po preteku obdobja hrambe upravljavec osebne podatke u\u010dinkovito in trajno izbri\u0161e ali ji hrani kot anonimne, tako da jih ni ve\u010d mogo\u010de povezati z dolo\u010denim posameznikom.<\/p>\n\n\n\n<h3 class=\"wp-block-heading\">5. Pravice posameznika glede obdelave podatkov<\/h3>\n\n\n\n<p>V skladu s Splo\u0161no uredbo ima posameznik slede\u010de pravice iz varstva osebnih podatkov:<\/p>\n\n\n\n<ul class=\"wp-block-list\">\n<li>Zahteva lahko informacije o tem, ali imamo njegove osebne podatke in, \u010de je tako, katere podatke imamo ter na kak\u0161ni podlagi jih imamo in zakaj jih uporabljamo.<\/li>\n\n\n\n<li>Zahteva lahko dostop do svojih osebnih podatkov, kar mu omogo\u010da, da prejme kopijo osebnih podatkov, ki jih ima podjetje ter preveri, ali jih podjetje obdeluje zakonito.<\/li>\n\n\n\n<li>Zahteva lahko popravke osebnih podatkov, kot je popravek nepopolnih ali neto\u010dnih osebnih podatkov.<\/li>\n\n\n\n<li>Zahteva lahko izbris svojih osebnih podatkov, kadar ni razloga za nadaljnjo obdelavo oziroma kadar uveljavlja svojo pravico do ugovora glede nadaljnje obdelave.<\/li>\n\n\n\n<li>Ugovarja lahko nadaljnji obdelavi osebnih podatkov, kjer se podjetje sklicuje na zakoniti poslovni interes (tudi v primeru zakonitega interesa tretje osebe), kadar obstajajo razlogi, povezani s posameznikovim posebnim polo\u017eajem; posameznik ima pravico kadarkoli ugovarjati, \u010de podjetje obdeluje osebne podatke za namene neposrednega tr\u017eenja.<\/li>\n\n\n\n<li>Zahteva lahko omejitev obdelave svojih osebnih podatkov, kar pomeni prekinitev obdelave osebnih podatkov, na primer, \u010de posameznik \u017eeli, da podjetje ugotovi to\u010dnost ali da se preverijo razlogi za nadaljnjo obdelavo osebnih podatkov.<\/li>\n\n\n\n<li>Zahteva lahko prenos svojih osebnih podatkov v strukturirani elektronski obliki k drugemu upravljavcu, v kolikor je to mogo\u010de in izvedljivo.<\/li>\n\n\n\n<li>Prekli\u010de lahko privolitev oziroma soglasje, ki ga podal za zbiranje, obdelavo in prenos svojih osebnih podatkov za dolo\u010den namen; po prejemu obvestila, da je umaknil svojo privolitev, bo podjetje prenehalo obdelovati osebne podatke za namene, ki jih prvotno sprejel, razen \u010de podjetje nima druge zakonite pravne podlage za to, da to stori zakonito.<\/li>\n<\/ul>\n\n\n\n<p>\u010ce \u017eeli posameznik uveljavljati katero koli od prej navedenih pravic, lahko po\u0161lje zahtevek po elektronski po\u0161ti na hello@fudo.si ali z redno po\u0161to na naslov podjetja. Dostop do posameznikovih osebnih podatkov in uveljavljene pravic je za posameznika brezpla\u010dno. Vendar pa lahko podjetje zara\u010duna razumno pla\u010dilo, v kolikor je zahteva posameznika, na katerega se nana\u0161ajo osebni podatki, o\u010ditno neutemeljena ali pretirana, zlasti \u010de se ponavlja. V tak\u0161nem primeru lahko podjetje zahtevo tudi zavrne.<\/p>\n\n\n\n<p>V primeru uveljavljanja pravic iz tega naslova bo morebiti moralo podjetje od vas zahtevati dolo\u010dene informacije, ki mu bodo pomagale pri potrditvi identitete posameznika, kar je le varnostni ukrep, ki zagotavlja, da se osebni podatki ne razkrijejo nepoobla\u0161\u010denim osebam.<\/p>\n\n\n\n<p>\u010ce ima posameznik kakr\u0161nakoli vpra\u0161anja v zvezi z obdelavo svojih osebnih podatkov, se lahko vedno obrnete na na\u0161e podjetje preko elektronske po\u0161te na <a href=\"mailto:hello@fudo.si\">hello@fudo.si<\/a>&nbsp; ali z redno po\u0161to na naslov podjetja.<\/p>\n\n\n\n<h3 class=\"wp-block-heading\">7. Spremembe Politike zasebnosti&nbsp;<\/h3>\n\n\n\n<p>Upravljavec si pridru\u017euje pravico, da Politiko zasebnosti po potrebi ob\u010dasno prilagodi dejanskim razmeram in zakonodaji s podro\u010dja varstva osebnih podatkov. Iz tega razloga vas prosimo, da pred vsakim posredovanjem osebnih podatkov preverite aktualno razli\u010dico, da boste seznanjeni z morebitnimi spremembami in dopolnitvami. Prav tako vas bomo o morebitnih spremembah, ki bistveno vplivajo na obdelavo va\u0161ih osebnih podatkov, predhodno obvestili na primeren na\u010din (npr. z obvestilom na na\u0161i spletni strani, po elektronski po\u0161ti). Datum zadnje Politike zasebnosti je zapisan v dokumentu.<\/p>\n","protected":false},"excerpt":{"rendered":"<p>Ta Politika zasebnosti ureja zbiranje, hrambo in obdelavo osebnih podatkov, ki jih med uporabo zbira od vas spletna stran www.vmz-slo.si (v nadaljevanju: spletna stran). Uporabnik je vsaka pravna ali fizi\u010dna oseba, ki uporablja oziroma obi\u0161\u010de navedeno spletno stran (v nadaljevanju: uporabnik).\u00a0 Upravljavec osebnih podatkov v pomenu, ki ga dolo\u010data Splo\u0161na uredba EU o varstvu osebnih [&hellip;]<\/p>\n","protected":false},"author":1,"featured_media":0,"parent":0,"menu_order":0,"comment_status":"closed","ping_status":"closed","template":"","meta":{"footnotes":""},"class_list":["post-552","page","type-page","status-publish","hentry"],"yoast_head":"<!-- This site is optimized with the Yoast SEO plugin v27.3 - https:\/\/yoast.com\/product\/yoast-seo-wordpress\/ -->\n<title>Politika zasebnosti - VMZ MARKO ZAK\u0160EK s.p.<\/title>\n<meta name=\"robots\" content=\"index, follow, max-snippet:-1, max-image-preview:large, max-video-preview:-1\" \/>\n<link rel=\"canonical\" href=\"https:\/\/vmz-slo.si\/index.php\/politika-zasebnosti\/\" \/>\n<meta property=\"og:locale\" content=\"sl_SI\" \/>\n<meta property=\"og:type\" content=\"article\" \/>\n<meta property=\"og:title\" content=\"Politika zasebnosti - VMZ MARKO ZAK\u0160EK s.p.\" \/>\n<meta property=\"og:description\" content=\"Ta Politika zasebnosti ureja zbiranje, hrambo in obdelavo osebnih podatkov, ki jih med uporabo zbira od vas spletna stran www.vmz-slo.si (v nadaljevanju: spletna stran). Uporabnik je vsaka pravna ali fizi\u010dna oseba, ki uporablja oziroma obi\u0161\u010de navedeno spletno stran (v nadaljevanju: uporabnik).\u00a0 Upravljavec osebnih podatkov v pomenu, ki ga dolo\u010data Splo\u0161na uredba EU o varstvu osebnih [&hellip;]\" \/>\n<meta property=\"og:url\" content=\"https:\/\/vmz-slo.si\/index.php\/politika-zasebnosti\/\" \/>\n<meta property=\"og:site_name\" content=\"VMZ MARKO ZAK\u0160EK s.p.\" \/>\n<meta property=\"article:publisher\" content=\"https:\/\/sl-si.facebook.com\/marko.zaksek.7\" \/>\n<meta property=\"article:modified_time\" content=\"2023-12-09T13:34:42+00:00\" \/>\n<meta name=\"twitter:card\" content=\"summary_large_image\" \/>\n<meta name=\"twitter:label1\" content=\"Est. reading time\" \/>\n\t<meta name=\"twitter:data1\" content=\"9 minut\" \/>\n<script type=\"application\/ld+json\" class=\"yoast-schema-graph\">{\"@context\":\"https:\\\/\\\/schema.org\",\"@graph\":[{\"@type\":\"WebPage\",\"@id\":\"https:\\\/\\\/vmz-slo.si\\\/index.php\\\/politika-zasebnosti\\\/\",\"url\":\"https:\\\/\\\/vmz-slo.si\\\/index.php\\\/politika-zasebnosti\\\/\",\"name\":\"Politika zasebnosti - VMZ MARKO ZAK\u0160EK s.p.\",\"isPartOf\":{\"@id\":\"https:\\\/\\\/vmz-slo.si\\\/#website\"},\"datePublished\":\"2023-12-09T13:34:40+00:00\",\"dateModified\":\"2023-12-09T13:34:42+00:00\",\"breadcrumb\":{\"@id\":\"https:\\\/\\\/vmz-slo.si\\\/index.php\\\/politika-zasebnosti\\\/#breadcrumb\"},\"inLanguage\":\"sl-SI\",\"potentialAction\":[{\"@type\":\"ReadAction\",\"target\":[\"https:\\\/\\\/vmz-slo.si\\\/index.php\\\/politika-zasebnosti\\\/\"]}]},{\"@type\":\"BreadcrumbList\",\"@id\":\"https:\\\/\\\/vmz-slo.si\\\/index.php\\\/politika-zasebnosti\\\/#breadcrumb\",\"itemListElement\":[{\"@type\":\"ListItem\",\"position\":1,\"name\":\"Home\",\"item\":\"https:\\\/\\\/vmz-slo.si\\\/\"},{\"@type\":\"ListItem\",\"position\":2,\"name\":\"Politika zasebnosti\"}]},{\"@type\":\"WebSite\",\"@id\":\"https:\\\/\\\/vmz-slo.si\\\/#website\",\"url\":\"https:\\\/\\\/vmz-slo.si\\\/\",\"name\":\"VMZ MARKO ZAK\u0160EK s.p.\",\"description\":\"Industrijska oprema za predelavo mesa\",\"publisher\":{\"@id\":\"https:\\\/\\\/vmz-slo.si\\\/#organization\"},\"potentialAction\":[{\"@type\":\"SearchAction\",\"target\":{\"@type\":\"EntryPoint\",\"urlTemplate\":\"https:\\\/\\\/vmz-slo.si\\\/?s={search_term_string}\"},\"query-input\":{\"@type\":\"PropertyValueSpecification\",\"valueRequired\":true,\"valueName\":\"search_term_string\"}}],\"inLanguage\":\"sl-SI\"},{\"@type\":\"Organization\",\"@id\":\"https:\\\/\\\/vmz-slo.si\\\/#organization\",\"name\":\"VMZ MARKO ZAK\u0160EK s.p.\",\"url\":\"https:\\\/\\\/vmz-slo.si\\\/\",\"logo\":{\"@type\":\"ImageObject\",\"inLanguage\":\"sl-SI\",\"@id\":\"https:\\\/\\\/vmz-slo.si\\\/#\\\/schema\\\/logo\\\/image\\\/\",\"url\":\"https:\\\/\\\/vmz-slo.si\\\/wp-content\\\/uploads\\\/2023\\\/12\\\/logo_10.png\",\"contentUrl\":\"https:\\\/\\\/vmz-slo.si\\\/wp-content\\\/uploads\\\/2023\\\/12\\\/logo_10.png\",\"width\":657,\"height\":363,\"caption\":\"VMZ MARKO ZAK\u0160EK s.p.\"},\"image\":{\"@id\":\"https:\\\/\\\/vmz-slo.si\\\/#\\\/schema\\\/logo\\\/image\\\/\"},\"sameAs\":[\"https:\\\/\\\/sl-si.facebook.com\\\/marko.zaksek.7\"]}]}<\/script>\n<!-- \/ Yoast SEO plugin. -->","yoast_head_json":{"title":"Politika zasebnosti - VMZ MARKO ZAK\u0160EK s.p.","robots":{"index":"index","follow":"follow","max-snippet":"max-snippet:-1","max-image-preview":"max-image-preview:large","max-video-preview":"max-video-preview:-1"},"canonical":"https:\/\/vmz-slo.si\/index.php\/politika-zasebnosti\/","og_locale":"sl_SI","og_type":"article","og_title":"Politika zasebnosti - VMZ MARKO ZAK\u0160EK s.p.","og_description":"Ta Politika zasebnosti ureja zbiranje, hrambo in obdelavo osebnih podatkov, ki jih med uporabo zbira od vas spletna stran www.vmz-slo.si (v nadaljevanju: spletna stran). Uporabnik je vsaka pravna ali fizi\u010dna oseba, ki uporablja oziroma obi\u0161\u010de navedeno spletno stran (v nadaljevanju: uporabnik).\u00a0 Upravljavec osebnih podatkov v pomenu, ki ga dolo\u010data Splo\u0161na uredba EU o varstvu osebnih [&hellip;]","og_url":"https:\/\/vmz-slo.si\/index.php\/politika-zasebnosti\/","og_site_name":"VMZ MARKO ZAK\u0160EK s.p.","article_publisher":"https:\/\/sl-si.facebook.com\/marko.zaksek.7","article_modified_time":"2023-12-09T13:34:42+00:00","twitter_card":"summary_large_image","twitter_misc":{"Est. reading time":"9 minut"},"schema":{"@context":"https:\/\/schema.org","@graph":[{"@type":"WebPage","@id":"https:\/\/vmz-slo.si\/index.php\/politika-zasebnosti\/","url":"https:\/\/vmz-slo.si\/index.php\/politika-zasebnosti\/","name":"Politika zasebnosti - VMZ MARKO ZAK\u0160EK s.p.","isPartOf":{"@id":"https:\/\/vmz-slo.si\/#website"},"datePublished":"2023-12-09T13:34:40+00:00","dateModified":"2023-12-09T13:34:42+00:00","breadcrumb":{"@id":"https:\/\/vmz-slo.si\/index.php\/politika-zasebnosti\/#breadcrumb"},"inLanguage":"sl-SI","potentialAction":[{"@type":"ReadAction","target":["https:\/\/vmz-slo.si\/index.php\/politika-zasebnosti\/"]}]},{"@type":"BreadcrumbList","@id":"https:\/\/vmz-slo.si\/index.php\/politika-zasebnosti\/#breadcrumb","itemListElement":[{"@type":"ListItem","position":1,"name":"Home","item":"https:\/\/vmz-slo.si\/"},{"@type":"ListItem","position":2,"name":"Politika zasebnosti"}]},{"@type":"WebSite","@id":"https:\/\/vmz-slo.si\/#website","url":"https:\/\/vmz-slo.si\/","name":"VMZ MARKO ZAK\u0160EK s.p.","description":"Industrijska oprema za predelavo mesa","publisher":{"@id":"https:\/\/vmz-slo.si\/#organization"},"potentialAction":[{"@type":"SearchAction","target":{"@type":"EntryPoint","urlTemplate":"https:\/\/vmz-slo.si\/?s={search_term_string}"},"query-input":{"@type":"PropertyValueSpecification","valueRequired":true,"valueName":"search_term_string"}}],"inLanguage":"sl-SI"},{"@type":"Organization","@id":"https:\/\/vmz-slo.si\/#organization","name":"VMZ MARKO ZAK\u0160EK s.p.","url":"https:\/\/vmz-slo.si\/","logo":{"@type":"ImageObject","inLanguage":"sl-SI","@id":"https:\/\/vmz-slo.si\/#\/schema\/logo\/image\/","url":"https:\/\/vmz-slo.si\/wp-content\/uploads\/2023\/12\/logo_10.png","contentUrl":"https:\/\/vmz-slo.si\/wp-content\/uploads\/2023\/12\/logo_10.png","width":657,"height":363,"caption":"VMZ MARKO ZAK\u0160EK s.p."},"image":{"@id":"https:\/\/vmz-slo.si\/#\/schema\/logo\/image\/"},"sameAs":["https:\/\/sl-si.facebook.com\/marko.zaksek.7"]}]}},"_links":{"self":[{"href":"https:\/\/vmz-slo.si\/index.php\/wp-json\/wp\/v2\/pages\/552","targetHints":{"allow":["GET"]}}],"collection":[{"href":"https:\/\/vmz-slo.si\/index.php\/wp-json\/wp\/v2\/pages"}],"about":[{"href":"https:\/\/vmz-slo.si\/index.php\/wp-json\/wp\/v2\/types\/page"}],"author":[{"embeddable":true,"href":"https:\/\/vmz-slo.si\/index.php\/wp-json\/wp\/v2\/users\/1"}],"replies":[{"embeddable":true,"href":"https:\/\/vmz-slo.si\/index.php\/wp-json\/wp\/v2\/comments?post=552"}],"version-history":[{"count":1,"href":"https:\/\/vmz-slo.si\/index.php\/wp-json\/wp\/v2\/pages\/552\/revisions"}],"predecessor-version":[{"id":553,"href":"https:\/\/vmz-slo.si\/index.php\/wp-json\/wp\/v2\/pages\/552\/revisions\/553"}],"wp:attachment":[{"href":"https:\/\/vmz-slo.si\/index.php\/wp-json\/wp\/v2\/media?parent=552"}],"curies":[{"name":"wp","href":"https:\/\/api.w.org\/{rel}","templated":true}]}}