{"id":2,"date":"2023-12-06T18:41:41","date_gmt":"2023-12-06T18:41:41","guid":{"rendered":"https:\/\/vmz-slo.si\/?page_id=2"},"modified":"2026-04-07T15:30:40","modified_gmt":"2026-04-07T14:30:40","slug":"reference","status":"publish","type":"page","link":"https:\/\/vmz-slo.si\/index.php\/reference\/","title":{"rendered":"Reference"},"content":{"rendered":"\n<h4 class=\"wp-block-heading has-text-align-center\">Nekaj na\u0161ih referenc, podjetij s katerimi uspe\u0161no sodelujemo:<\/h4>\n\n\n\n<ul style=\"font-size:clamp(14.642px, 0.915rem + ((1vw - 3.2px) * 0.766), 22px);\" class=\"wp-block-list\">\n<li>Industrija mesa Durdevi\u010d d.o.o.<\/li>\n\n\n\n<li>\u0160koki\u0107 d.o.o<\/li>\n\n\n\n<li>Mesnice Bili\u010d split<\/li>\n\n\n\n<li>Ivan \u0110akula<\/li>\n\n\n\n<li>Vugrinec d.o.o.<\/li>\n\n\n\n<li>Mm Medven d.o.o.<\/li>\n\n\n\n<li>Bermes d.o.o.<\/li>\n\n\n\n<li>Mesna industrija \u0160aki\u010d.<\/li>\n\n\n\n<li>Mim Mokronog d.o.o.<\/li>\n\n\n\n<li>Pisinium d.o.o.<\/li>\n\n\n\n<li>Kz Sevnica<\/li>\n\n\n\n<li>Kz Metlika<\/li>\n\n\n\n<li>Kz Velike La\u0161\u010de<\/li>\n\n\n\n<li>Mesnica Frenky Bra\u010d<\/li>\n\n\n\n<li>Kuvilab Kosovo<\/li>\n\n\n\n<li>Mesna Industrija Jane\u017ei\u010d d.o.o.<\/li>\n\n\n\n<li>Re\u0161et d.o.o.<\/li>\n\n\n\n<li>Perutnina Ptuj<\/li>\n\n\n\n<li>Sabli\u010d Dubrava<\/li>\n\n\n\n<li>A.d.m. Split<\/li>\n\n\n\n<li>Mercator<\/li>\n\n\n\n<li>Bebrinka d.o.o.<\/li>\n\n\n\n<li>Mesarstvo SIRC&nbsp; Podgorci<\/li>\n\n\n\n<li>Mesarstvo Skodi\u010d<\/li>\n\n\n\n<li>Adrijan Galjot<\/li>\n\n\n\n<li>Agrotur d.o.o.<\/li>\n\n\n\n<li>Bureti\u010d Bregi d.o.o.<\/li>\n\n\n\n<li>Klaonica i prerada Cerovski d.o.o.<\/li>\n\n\n\n<li>\u010cudesa od mesa d.o.o.<\/li>\n\n\n\n<li>Pr\u0161utarna Grani\u010d d.o.o.<\/li>\n\n\n\n<li>Gra\u0161ka d.o.o.<\/li>\n\n\n\n<li>KPMT Javorac d.o.o.<\/li>\n\n\n\n<li>Mersarija Kragelj d.o.o<\/li>\n\n\n\n<li>Klaonica Mihalinovec d.o.o.<\/li>\n\n\n\n<li>Mrvica Zagreb<\/li>\n\n\n\n<li>Noj Tomi Anton Krek s.p.<\/li>\n\n\n\n<li>Mario P\u0161eit s.p.<\/li>\n\n\n\n<li>Anton Meglen s.p.<\/li>\n\n\n\n<li>Armento d.o.o. Split<\/li>\n\n\n\n<li>\u0160kalec promet d.o.o.<\/li>\n\n\n\n<li>Tajni Okus Leskovac<\/li>\n\n\n\n<li>\u017dakan j.d.o.o. PAG<\/li>\n\n\n\n<li>Ivaneti\u010d d.o.o.<\/li>\n\n\n\n<li>Berkovi\u010d d.o.o.<\/li>\n\n\n\n<li>House Fine d.o.o.,<\/li>\n\n\n\n<li>Milena d.o.o.<\/li>\n\n\n\n<li>Makea MD d.o.o.<\/li>\n\n\n\n<li>Laki Slobodan d.o.o.&nbsp;<\/li>\n\n\n\n<li>Bingula<\/li>\n\n\n\n<li>Alfa Paolo Prence<\/li>\n\n\n\n<li>Mesnice Viti\u0107<\/li>\n\n\n\n<li>Zlatko Uremovi\u0107<\/li>\n\n\n\n<li>Premes d.o.o.<\/li>\n\n\n\n<li>In Tavo d.o.o.<\/li>\n\n\n\n<li>I.R. Kuman<\/li>\n\n\n\n<li>RZPM Mescom<\/li>\n\n\n\n<li>Macellarius d.o.o.<\/li>\n\n\n\n<li>Erazem Stanovnik s.p<\/li>\n\n\n\n<li>HOT-HORSE d.o.o.<\/li>\n\n\n\n<li>STARI PISKER d.o.o.<\/li>\n\n\n\n<li>Kmetija Noger\u0161ek d.o.o.<\/li>\n\n\n\n<li>\u017de\u017eeli\u0107 RIJEKA<\/li>\n\n\n\n<li>Mak Gastro d.o.o.,<\/li>\n\n\n\n<li>Badanj Komerc d.o.o.<\/li>\n\n\n\n<li>OTM Ante Rapi\u0107<\/li>\n\n\n\n<li>Kulina Nova SELA d.o.o.<\/li>\n\n\n\n<li>Violi\u010d i Knez d.o.o. DUBRAVNIK<\/li>\n\n\n\n<li>Hotel Alkar SINJ<\/li>\n\n\n\n<li>Biosing d.o.o.<\/li>\n\n\n\n<li>\u0160iki\u010d j.d.o.o. MURTER<\/li>\n\n\n\n<li>NJEGOVAC<\/li>\n\n\n\n<li>AZRRI d.o.o. Pazin<\/li>\n\n\n\n<li>Ministerstvo za kmetijstvo , gozdarstvo in prehrano Republike Slovenije za varno hrano<\/li>\n\n\n\n<li>Restoran Punta BRA\u010c<\/li>\n\n\n\n<li>Bra\u010da Simuni\u010di d.o.o.<\/li>\n\n\n\n<li>Nikris d.o.o. BRA\u010c<\/li>\n<\/ul>\n\n\n\n<div style=\"height:100px\" aria-hidden=\"true\" class=\"wp-block-spacer\"><\/div>\n","protected":false},"excerpt":{"rendered":"<p>Nekaj na\u0161ih referenc, podjetij s katerimi uspe\u0161no sodelujemo:<\/p>\n","protected":false},"author":1,"featured_media":0,"parent":0,"menu_order":0,"comment_status":"closed","ping_status":"closed","template":"","meta":{"footnotes":""},"class_list":["post-2","page","type-page","status-publish","hentry"],"yoast_head":"<!-- This site is optimized with the Yoast SEO plugin v27.3 - https:\/\/yoast.com\/product\/yoast-seo-wordpress\/ -->\n<title>Reference - VMZ MARKO ZAK\u0160EK s.p.<\/title>\n<meta name=\"robots\" content=\"index, follow, max-snippet:-1, max-image-preview:large, max-video-preview:-1\" \/>\n<link rel=\"canonical\" href=\"https:\/\/vmz-slo.si\/index.php\/reference\/\" \/>\n<meta property=\"og:locale\" content=\"sl_SI\" \/>\n<meta property=\"og:type\" content=\"article\" \/>\n<meta property=\"og:title\" content=\"Reference - VMZ MARKO ZAK\u0160EK s.p.\" \/>\n<meta property=\"og:description\" content=\"Nekaj na\u0161ih referenc, podjetij s katerimi uspe\u0161no sodelujemo:\" \/>\n<meta property=\"og:url\" content=\"https:\/\/vmz-slo.si\/index.php\/reference\/\" \/>\n<meta property=\"og:site_name\" content=\"VMZ MARKO ZAK\u0160EK s.p.\" \/>\n<meta property=\"article:publisher\" content=\"https:\/\/sl-si.facebook.com\/marko.zaksek.7\" \/>\n<meta property=\"article:modified_time\" content=\"2026-04-07T14:30:40+00:00\" \/>\n<meta name=\"twitter:card\" content=\"summary_large_image\" \/>\n<meta name=\"twitter:label1\" content=\"Est. reading time\" \/>\n\t<meta name=\"twitter:data1\" content=\"2 minuti\" \/>\n<script type=\"application\/ld+json\" class=\"yoast-schema-graph\">{\"@context\":\"https:\\\/\\\/schema.org\",\"@graph\":[{\"@type\":\"WebPage\",\"@id\":\"https:\\\/\\\/vmz-slo.si\\\/index.php\\\/reference\\\/\",\"url\":\"https:\\\/\\\/vmz-slo.si\\\/index.php\\\/reference\\\/\",\"name\":\"Reference - VMZ MARKO ZAK\u0160EK s.p.\",\"isPartOf\":{\"@id\":\"https:\\\/\\\/vmz-slo.si\\\/#website\"},\"datePublished\":\"2023-12-06T18:41:41+00:00\",\"dateModified\":\"2026-04-07T14:30:40+00:00\",\"breadcrumb\":{\"@id\":\"https:\\\/\\\/vmz-slo.si\\\/index.php\\\/reference\\\/#breadcrumb\"},\"inLanguage\":\"sl-SI\",\"potentialAction\":[{\"@type\":\"ReadAction\",\"target\":[\"https:\\\/\\\/vmz-slo.si\\\/index.php\\\/reference\\\/\"]}]},{\"@type\":\"BreadcrumbList\",\"@id\":\"https:\\\/\\\/vmz-slo.si\\\/index.php\\\/reference\\\/#breadcrumb\",\"itemListElement\":[{\"@type\":\"ListItem\",\"position\":1,\"name\":\"Home\",\"item\":\"https:\\\/\\\/vmz-slo.si\\\/\"},{\"@type\":\"ListItem\",\"position\":2,\"name\":\"Reference\"}]},{\"@type\":\"WebSite\",\"@id\":\"https:\\\/\\\/vmz-slo.si\\\/#website\",\"url\":\"https:\\\/\\\/vmz-slo.si\\\/\",\"name\":\"VMZ MARKO ZAK\u0160EK s.p.\",\"description\":\"Industrijska oprema za predelavo mesa\",\"publisher\":{\"@id\":\"https:\\\/\\\/vmz-slo.si\\\/#organization\"},\"potentialAction\":[{\"@type\":\"SearchAction\",\"target\":{\"@type\":\"EntryPoint\",\"urlTemplate\":\"https:\\\/\\\/vmz-slo.si\\\/?s={search_term_string}\"},\"query-input\":{\"@type\":\"PropertyValueSpecification\",\"valueRequired\":true,\"valueName\":\"search_term_string\"}}],\"inLanguage\":\"sl-SI\"},{\"@type\":\"Organization\",\"@id\":\"https:\\\/\\\/vmz-slo.si\\\/#organization\",\"name\":\"VMZ MARKO ZAK\u0160EK s.p.\",\"url\":\"https:\\\/\\\/vmz-slo.si\\\/\",\"logo\":{\"@type\":\"ImageObject\",\"inLanguage\":\"sl-SI\",\"@id\":\"https:\\\/\\\/vmz-slo.si\\\/#\\\/schema\\\/logo\\\/image\\\/\",\"url\":\"https:\\\/\\\/vmz-slo.si\\\/wp-content\\\/uploads\\\/2023\\\/12\\\/logo_10.png\",\"contentUrl\":\"https:\\\/\\\/vmz-slo.si\\\/wp-content\\\/uploads\\\/2023\\\/12\\\/logo_10.png\",\"width\":657,\"height\":363,\"caption\":\"VMZ MARKO ZAK\u0160EK s.p.\"},\"image\":{\"@id\":\"https:\\\/\\\/vmz-slo.si\\\/#\\\/schema\\\/logo\\\/image\\\/\"},\"sameAs\":[\"https:\\\/\\\/sl-si.facebook.com\\\/marko.zaksek.7\"]}]}<\/script>\n<!-- \/ Yoast SEO plugin. -->","yoast_head_json":{"title":"Reference - VMZ MARKO ZAK\u0160EK s.p.","robots":{"index":"index","follow":"follow","max-snippet":"max-snippet:-1","max-image-preview":"max-image-preview:large","max-video-preview":"max-video-preview:-1"},"canonical":"https:\/\/vmz-slo.si\/index.php\/reference\/","og_locale":"sl_SI","og_type":"article","og_title":"Reference - VMZ MARKO ZAK\u0160EK s.p.","og_description":"Nekaj na\u0161ih referenc, podjetij s katerimi uspe\u0161no sodelujemo:","og_url":"https:\/\/vmz-slo.si\/index.php\/reference\/","og_site_name":"VMZ MARKO ZAK\u0160EK s.p.","article_publisher":"https:\/\/sl-si.facebook.com\/marko.zaksek.7","article_modified_time":"2026-04-07T14:30:40+00:00","twitter_card":"summary_large_image","twitter_misc":{"Est. reading time":"2 minuti"},"schema":{"@context":"https:\/\/schema.org","@graph":[{"@type":"WebPage","@id":"https:\/\/vmz-slo.si\/index.php\/reference\/","url":"https:\/\/vmz-slo.si\/index.php\/reference\/","name":"Reference - VMZ MARKO ZAK\u0160EK s.p.","isPartOf":{"@id":"https:\/\/vmz-slo.si\/#website"},"datePublished":"2023-12-06T18:41:41+00:00","dateModified":"2026-04-07T14:30:40+00:00","breadcrumb":{"@id":"https:\/\/vmz-slo.si\/index.php\/reference\/#breadcrumb"},"inLanguage":"sl-SI","potentialAction":[{"@type":"ReadAction","target":["https:\/\/vmz-slo.si\/index.php\/reference\/"]}]},{"@type":"BreadcrumbList","@id":"https:\/\/vmz-slo.si\/index.php\/reference\/#breadcrumb","itemListElement":[{"@type":"ListItem","position":1,"name":"Home","item":"https:\/\/vmz-slo.si\/"},{"@type":"ListItem","position":2,"name":"Reference"}]},{"@type":"WebSite","@id":"https:\/\/vmz-slo.si\/#website","url":"https:\/\/vmz-slo.si\/","name":"VMZ MARKO ZAK\u0160EK s.p.","description":"Industrijska oprema za predelavo mesa","publisher":{"@id":"https:\/\/vmz-slo.si\/#organization"},"potentialAction":[{"@type":"SearchAction","target":{"@type":"EntryPoint","urlTemplate":"https:\/\/vmz-slo.si\/?s={search_term_string}"},"query-input":{"@type":"PropertyValueSpecification","valueRequired":true,"valueName":"search_term_string"}}],"inLanguage":"sl-SI"},{"@type":"Organization","@id":"https:\/\/vmz-slo.si\/#organization","name":"VMZ MARKO ZAK\u0160EK s.p.","url":"https:\/\/vmz-slo.si\/","logo":{"@type":"ImageObject","inLanguage":"sl-SI","@id":"https:\/\/vmz-slo.si\/#\/schema\/logo\/image\/","url":"https:\/\/vmz-slo.si\/wp-content\/uploads\/2023\/12\/logo_10.png","contentUrl":"https:\/\/vmz-slo.si\/wp-content\/uploads\/2023\/12\/logo_10.png","width":657,"height":363,"caption":"VMZ MARKO ZAK\u0160EK s.p."},"image":{"@id":"https:\/\/vmz-slo.si\/#\/schema\/logo\/image\/"},"sameAs":["https:\/\/sl-si.facebook.com\/marko.zaksek.7"]}]}},"_links":{"self":[{"href":"https:\/\/vmz-slo.si\/index.php\/wp-json\/wp\/v2\/pages\/2","targetHints":{"allow":["GET"]}}],"collection":[{"href":"https:\/\/vmz-slo.si\/index.php\/wp-json\/wp\/v2\/pages"}],"about":[{"href":"https:\/\/vmz-slo.si\/index.php\/wp-json\/wp\/v2\/types\/page"}],"author":[{"embeddable":true,"href":"https:\/\/vmz-slo.si\/index.php\/wp-json\/wp\/v2\/users\/1"}],"replies":[{"embeddable":true,"href":"https:\/\/vmz-slo.si\/index.php\/wp-json\/wp\/v2\/comments?post=2"}],"version-history":[{"count":15,"href":"https:\/\/vmz-slo.si\/index.php\/wp-json\/wp\/v2\/pages\/2\/revisions"}],"predecessor-version":[{"id":640,"href":"https:\/\/vmz-slo.si\/index.php\/wp-json\/wp\/v2\/pages\/2\/revisions\/640"}],"wp:attachment":[{"href":"https:\/\/vmz-slo.si\/index.php\/wp-json\/wp\/v2\/media?parent=2"}],"curies":[{"name":"wp","href":"https:\/\/api.w.org\/{rel}","templated":true}]}}